{"id":120,"date":"2016-12-06T01:12:11","date_gmt":"2016-12-06T00:12:11","guid":{"rendered":"http:\/\/www.joseuso.xyz\/?page_id=120\/"},"modified":"2022-11-21T14:15:06","modified_gmt":"2022-11-21T13:15:06","slug":"hola","status":"publish","type":"page","link":"https:\/\/www.joseuso.xyz\/es\/hola\/","title":{"rendered":"Hola"},"content":{"rendered":"\n<div class=\"wp-block-image\"><figure class=\"aligncenter size-large is-resized\"><img loading=\"lazy\" decoding=\"async\" src=\"https:\/\/www.joseuso.xyz\/wp-content\/uploads\/2016\/12\/streetphotography-streetmusic-1024x512.jpg\" alt=\"streetphotography music\" class=\"wp-image-260\" width=\"1024\" height=\"512\" srcset=\"https:\/\/www.joseuso.xyz\/wp-content\/uploads\/2016\/12\/streetphotography-streetmusic-1024x512.jpg 1024w, https:\/\/www.joseuso.xyz\/wp-content\/uploads\/2016\/12\/streetphotography-streetmusic-300x150.jpg 300w, https:\/\/www.joseuso.xyz\/wp-content\/uploads\/2016\/12\/streetphotography-streetmusic-768x384.jpg 768w, https:\/\/www.joseuso.xyz\/wp-content\/uploads\/2016\/12\/streetphotography-streetmusic.jpg 1140w\" sizes=\"auto, (max-width: 1024px) 100vw, 1024px\" \/><\/figure><\/div>\n\n\n\n<div style=\"height:100px\" aria-hidden=\"true\" class=\"wp-block-spacer\"><\/div>\n\n\n<div class=\"gb-container gb-container-7eaed5af\"><div class=\"gb-inside-container\">\n\n<p>Simplemente este un sitio en el que espero no caer en la <em>trampa<\/em> de las redes sociales y apps, esperando likes y followers. Es un sitio para m\u00ed y que comparto sin m\u00e1s pretensi\u00f3n que la diversi\u00f3n y el estudio.<\/p>\n\n\n\n<p>Salvo indicaci\u00f3n, <strong>todas las im\u00e1genes han sido tomadas y editadas por m\u00ed<\/strong>. Solo edito en apps con iPad y Samsung Galaxy. No utilizo <a href=\"https:\/\/en.wikipedia.org\/wiki\/Computer-generated_imagery\" target=\"_blank\" rel=\"noopener\">im\u00e1genes CGI<\/a> (Computer-generated imagery). <strong>Si las copias, acu\u00e9rdate de mencionar la fuente. Es una costumbre de agradecer.<\/strong><br><!-- Begin MailChimp Signup Form --><\/p>\n\n\n\n<\/div><\/div>","protected":false},"excerpt":{"rendered":"","protected":false},"author":2,"featured_media":260,"parent":0,"menu_order":0,"comment_status":"closed","ping_status":"closed","template":"","meta":{"footnotes":""},"class_list":["post-120","page","type-page","status-publish","has-post-thumbnail"],"_links":{"self":[{"href":"https:\/\/www.joseuso.xyz\/es\/wp-json\/wp\/v2\/pages\/120","targetHints":{"allow":["GET"]}}],"collection":[{"href":"https:\/\/www.joseuso.xyz\/es\/wp-json\/wp\/v2\/pages"}],"about":[{"href":"https:\/\/www.joseuso.xyz\/es\/wp-json\/wp\/v2\/types\/page"}],"author":[{"embeddable":true,"href":"https:\/\/www.joseuso.xyz\/es\/wp-json\/wp\/v2\/users\/2"}],"replies":[{"embeddable":true,"href":"https:\/\/www.joseuso.xyz\/es\/wp-json\/wp\/v2\/comments?post=120"}],"version-history":[{"count":0,"href":"https:\/\/www.joseuso.xyz\/es\/wp-json\/wp\/v2\/pages\/120\/revisions"}],"wp:featuredmedia":[{"embeddable":true,"href":"https:\/\/www.joseuso.xyz\/es\/wp-json\/wp\/v2\/media\/260"}],"wp:attachment":[{"href":"https:\/\/www.joseuso.xyz\/es\/wp-json\/wp\/v2\/media?parent=120"}],"curies":[{"name":"wp","href":"https:\/\/api.w.org\/{rel}","templated":true}]}}